{"id":632,"date":"2021-01-26T13:10:51","date_gmt":"2021-01-26T13:10:51","guid":{"rendered":"https:\/\/www.transportas.de\/?page_id=632"},"modified":"2021-02-14T11:05:39","modified_gmt":"2021-02-14T11:05:39","slug":"privacy-policy","status":"publish","type":"page","link":"https:\/\/www.transportas.de\/index.php\/privacy-policy\/","title":{"rendered":"Privacy Policy"},"content":{"rendered":"[vc_row thb_divider_position=&#8220;bottom&#8220; el_class=&#8220;align-center&#8220;][vc_column offset=&#8220;vc_col-lg-10 vc_col-md-12&#8243; css=&#8220;.vc_custom_1611665565753{padding-top: 120px !important;}&#8220;][vc_column_text el_class=&#8220;links&#8220;]\n<h3>Privacy Policy<\/h3>\n<p><strong>A. Verantwortlich f\u00fcr die Datenverarbeitung<\/strong><\/p>\n<p>Transportas Internationale Spedition GmbH<br \/>\nBarabein 6<br \/>\n88447 Warthausen<\/p>\n<p><a href=\"tel:+ 49 7351 587 58-0\">+ 49 (0) 7351 587 58 0<\/a><br \/>\n<a href=\"mailto:info@transportas.de\" target=\"_blank\" rel=\"noopener\">info@transportas.de<\/a><\/p>\n<p>ist f\u00fcr die Verarbeitung personenbezogener Daten im Rahmen unseres Webauftritts gem\u00e4\u00df den Vorschriften der Datenschutzgrundverordnung (DSGVO) verantwortlich.<br \/>\nMit dieser Datenschutzerkl\u00e4rung m\u00f6chten wir Sie \u00fcber die Art, den Umfang sowie die Zwecke der Verarbeitung Ihrer personenbezogenen Daten (nachfolgend nur noch \u201eDaten\u201c) entsprechend informieren.<\/p>\n<p><strong>B. Datenverwendung, Verarbeitungszwecke und Rechtsgrundlagen<br \/>\n<\/strong>Beim Besuch unserer Website, verarbeiten wir Daten. Personenbezogene Daten werden von uns allein den Zweck verwendet und verarbeitet, zu dem Sie uns diese Daten zur Verf\u00fcgung gestellt haben, etwa durch Einwilligung oder zur Erf\u00fcllung unserer vertraglichen Verpflichtung. Daneben erfolgt eine Datenverarbeitung zur Wahrung unserer berechtigten Interessen.<br \/>\nDie konkreten Verarbeitungszwecke, die betroffenen Daten sowie die rechtliche Grundlage der Datenverarbeitung, sind in der nachfolgenden Aufstellung aufgef\u00fchrt:<\/p>\n<p><strong>a) Webseitenbesuch<\/strong><br \/>\nWir protokollieren Ihren Besuch auf unseren Webseiten. Dabei werden die folgenden Daten verarbeitet: Name der jeweils abgerufenen Webseite, Datum und Uhrzeit des Abrufs, die \u00fcbertragene Datenmenge, der Browsertyp nebst Version, das von Ihnen genutzte Betriebssystem des Nutzers, die Referrer URL (die zuvor besuchte Seite), Ihre IP-Adresse und der anfragende Provider. Diese Daten erheben wir auf der Grundlage unserer berechtigten Interessen im Sinne des Art. 6 Abs. 1 f) DSGVO.<\/p>\n<p><strong>b) Webseitenanalyse<\/strong><br \/>\nZur Analyse des Nutzerverhalten auf unseren Webseiten, zur Optimierung unseres Onlineangebots, um Inhalte und Anzeigen zu personalisieren, setzen wir bestimmte Cookies ein, die Ihre IP-Adresse speichert. Die Datenverarbeitung erfolgt dabei aufgrund unseres berechtigten Interesses gem\u00e4\u00df Art. 6 I f) DS-GVO. Bitte beachten Sie hierzu auch den Abschnitt C. b) zu Google Maps.<strong><br \/>\n<\/strong><\/p>\n<p><strong>\u00dcbermittlung Ihrer Daten an Dritte und Drittland<\/strong><br \/>\nWir benutzen im Rahmen der Anfahrtsbeschreibung Google Maps einen Webdienst der Google Inc., 1600 Amphitheatre Parkway, Mountain View, CA 94043, USA (\u201cGoogle\u201d). Google verwendet hierbei Server, die in den USA stehen. Die EU-Kommission hat in einem Angemessenheitsbeschluss, dem EU-US Privacy Shield, bescheinigt, dass das Datenschutzniveau der vorstehenden L\u00e4nder mit dem der EU identisch ist. F\u00fcr unseren eingesetzten Dienstleister (Google Inc., 1600 Amphitheatre Parkway, Mountain View, CA 94043, USA (\u201cGoogle\u201d)) besteht eine Zertifizierung. Informationen hierzu k\u00f6nnen Sie hier finden:\u00a0<a href=\"https:\/\/www.privacyshield.gov\/participant?id=a2zt000000001L5AAI&amp;status=Active\" target=\"_blank\" rel=\"noopener\">https:\/\/www.privacyshield.gov\/participant?id=a2zt000000001L5AAI&amp;status=Active<\/a><br \/>\nBitte beachten Sie hierf\u00fcr ferner den nachfolgenden Abschnitt C.<\/p>\n<p><strong>C. Nutzung von Cookies<\/strong><\/p>\n<p><strong>a) Allgemein<\/strong><br \/>\nUm den Besuch unserer Website attraktiv zu gestalten und die Nutzung bestimmter Funktionen zu erm\u00f6glichen, verwenden wir auf verschiedenen Seiten sogenannte Cookies. Hierbei handelt es sich um kleine Textdateien, die auf Ihrem Endger\u00e4t abgelegt werden. Einige der von uns verwendeten Cookies werden nach dem Ende der Browser-Sitzung, also nach Schlie\u00dfen Ihres Browsers, wieder gel\u00f6scht (sog. Sitzungs-Cookies). Andere Cookies verbleiben auf Ihrem Endger\u00e4t und erm\u00f6glichen uns oder unseren Partnerunternehmen, Ihren Browser beim n\u00e4chsten Besuch wiederzuerkennen (persistente Cookies).<br \/>\nSie k\u00f6nnen alle auf Ihrem Rechner abgelegten Cookies l\u00f6schen und die meisten Browser so einstellen, dass die Ablage von Cookies verhindert wird. Wie, erfahren Sie z.B. hier:\u00a0<a href=\"http:\/\/www.allaboutcookies.org\/\" target=\"_blank\" rel=\"noopener\">AllAboutCookies.org.<\/a><br \/>\nIm Allgemeinen sind Web-Browser derzeit standardm\u00e4\u00dfig so eingestellt, dass Cookies automatisch akzeptiert werden. Auf diesen Seiten erfahren Sie, wie Sie diese Grundeinstellung \u00e4ndern und Cookies \u2013 auch von dieser Webseite \u2013 blockieren k\u00f6nnen:<br \/>\n<a href=\"https:\/\/support.google.com\/chrome\/answer\/95647?hl=de&amp;p=cpn_cookies\" target=\"_blank\" rel=\"noopener\">Chrome<\/a><br \/>\n<a href=\"https:\/\/support.mozilla.org\/de\/kb\/cookies-erlauben-und-ablehnen?redirectlocale=en-US&amp;redirectslug=Enabling+and+disabling+cookies\" target=\"_blank\" rel=\"noopener\">Firefox<\/a><br \/>\n<a href=\"http:\/\/windows.microsoft.com\/de-de\/windows-vista\/block-or-allow-cookies\" target=\"_blank\" rel=\"noopener\">Internet Explorer<\/a><br \/>\n<a href=\"http:\/\/help.opera.com\/opera\/Mac\/2178\/de\/controlPages.html#manageCookies\" target=\"_blank\" rel=\"noopener\">Opera<\/a><br \/>\n<a href=\"https:\/\/support.apple.com\/kb\/PH21411?viewlocale=de_DE&amp;locale=en_US\" target=\"_blank\" rel=\"noopener\">Safari<br \/>\n<\/a><br \/>\nIn diesem Falle m\u00fcssen Sie m\u00f6glicherweise einige Einstellungen bei jedem Besuch einer Seite manuell vornehmen und die Beeintr\u00e4chtigung mancher Funktionen in Kauf nehmen.<br \/>\nWir verwenden Cookies, um Inhalte und Anzeigen zu personalisieren und die Zugriffe auf unsere Website zu analysieren. Au\u00dferdem geben wir Informationen zu Ihrer Nutzung unserer Website an unsere Partner f\u00fcr soziale Medien, Werbung und Analysen weiter. Details finden Sie unter:\u00a0<a href=\"http:\/\/www.google.com\/intl\/de\/policies\/privacy\/partners\/\">http:\/\/www.google.com\/intl\/de\/policies\/privacy\/partners\/<\/a>\u00a0bzw. unter. Bitte beachten Sie zus\u00e4tzlich den nachfolgenden Abschnitt D. b) zum Einsatz von Google Werbetools:<\/p>\n<p><strong>b) Google Werbetools<\/strong><br \/>\nDiese Website benutzt die nachfolgend aufgef\u00fchrten Webanalysedienste der Google Inc., 1600 Amphitheatre Parkway, Mountain View, CA 94043, USA (\u201cGoogle\u201d). Hierbei geben wir Daten an Google weiter. Bitte beachten Sie daher die Hinweise zur Verwendung von Daten von Google im Google-Partner-Netzwerk unter:<br \/>\n<a href=\"https:\/\/www.google.com\/intl\/de\/policies\/privacy\/partners\/\" target=\"_blank\" rel=\"noopener\">www.google.com\/intl\/de\/policies\/privacy\/partners<\/a><\/p>\n<p><strong>c) Google Google-Fonts <\/strong><em>\u00a0<\/em><strong><br \/>\n<\/strong>Um den Besuch unserer Website attraktiv zu gestalten benutzen wir externe Schriften von Google-Fonts. Diese werden beim Besuch der Seite von Servern der der Google Inc., 1600 Amphitheatre Parkway, Mountain View, CA 94043, USA (\u201cGoogle\u201d). Google setzt dabei keine Cookies zur Erbringung des Dienstes. Wir wissen jedoch nicht, ob die IP-Adresse des Endger\u00e4tes des Nutzers an Google \u00fcbertragen und gespeichert wird. Weitere Informationen zum Datenschutz bei Google finden Sie in der Datenschutzerkl\u00e4rung von Google:<br \/>\n<a title=\"\" href=\"https:\/\/www.google.com\/policies\/privacy\/\" target=\"_blank\" rel=\"noopener\">https:\/\/www.google.com\/policies\/privacy\/<\/a><\/p>\n<p><strong>d) Google Analytics<\/strong><br \/>\nDiese Website benutzt Google Analytics, einen Webanalysedienst der Google Inc. (\u201eGoogle\u201c). Google Analytics verwendet sog. \u201eCookies\u201c, Textdateien, die auf Ihrem Computer gespeichert werden und die eine Analyse der Benutzung der Website durch Sie erm\u00f6glichen. Dabei handelt es sich um Cookies von Google selbst (Google Analytics-Cookies) und sogenannten Drittanbieter-Cookies (DoubleClick-Cookies). Die durch den Cookie erzeugten Informationen \u00fcber Ihre Benutzung dieser Website werden in der Regel an einen Server von Google in den USA \u00fcbertragen und dort gespeichert. Im Falle der Aktivierung der IP-Anonymisierung auf dieser Webseite, wird Ihre IP-Adresse von Google jedoch innerhalb von Mitgliedstaaten der Europ\u00e4ischen Union oder in anderen Vertragsstaaten des Abkommens \u00fcber den Europ\u00e4ischen Wirtschaftsraum zuvor gek\u00fcrzt. Nur in Ausnahmef\u00e4llen wird die volle IP-Adresse an einen Server von Google in den USA \u00fcbertragen und dort gek\u00fcrzt. Im Auftrag des Betreibers dieser Website wird Google diese Informationen benutzen, um Ihre Nutzung der Website auszuwerten, um Reports \u00fcber die Websiteaktivit\u00e4ten zusammenzustellen und um weitere mit der Websitenutzung und der Internetnutzung verbundene Dienstleistungen, insbesondere auch Funktionen f\u00fcr Display-Werbung, wie Google Analytics-Berichte zur Leistung nach demografischen Merkmalen und Interessen, gegen\u00fcber dem Websitebetreiber zu erbringen. Auch wird Google diese Informationen gegebenenfalls an Dritte \u00fcbertragen, sofern dies gesetzlich vorgeschrieben oder soweit Dritte diese Daten im Auftrag von Google verarbeiten. In den Google Analytics-Berichten zur Leistung nach demografischen Merkmalen und Interessen werden \u00fcber interessenbezogene Werbung von Google erlangte Daten und Besucherdaten von Drittanbietern (wie z.B. Alter, Geschlecht und Interessen) verwendet. Google wird in keinem Fall Ihre IP-Adresse mit anderen Daten von Google in Verbindung bringen. Sie k\u00f6nnen die Speicherung der Cookies durch eine entsprechende Einstellung Ihrer Browser-Software verhindern; wir weisen Sie jedoch darauf hin, dass Sie in diesem Fall gegebenenfalls nicht s\u00e4mtliche Funktionen dieser Website vollumf\u00e4nglich werden nutzen k\u00f6nnen.<br \/>\nSie k\u00f6nnen dar\u00fcber hinaus die Erfassung der durch das Cookie erzeugten und auf Ihre Nutzung der Website bezogenen Daten (inkl. Ihrer IP-Adresse) an Google sowie die Verarbeitung dieser Daten durch Google verhindern, indem sie das unter dem folgenden Link verf\u00fcgbare Browser-Plugin herunterladen und installieren.<\/p>\n<p><a href=\"https:\/\/tools.google.com\/dlpage\/gaoptout\" target=\"_blank\" rel=\"noopener noreferrer\">[http:\/\/tools.google.com\/dlpage\/gaoptout?hl=de].<\/a><\/p>\n<p>Weitere Informationen dar\u00fcber, wie Google die Daten nutzt und gegebenenfalls weitergibt k\u00f6nnen Sie der Datenschutzerkl\u00e4rung von Google unter folgendem Link entnehmen:\u00a0<a href=\"https:\/\/www.google.com\/policies\/privacy\/\" target=\"_blank\" rel=\"noopener\">www.google.com\/policies\/privacy\/<\/a><\/p>\n<p><strong>e) Details zu den verwendeten Cookies<\/strong><\/p>\n<p><strong>D. Dauer der Datenspeicherung<\/strong><br \/>\nWir speichern personenbezogene Daten nur so lange, wie es f\u00fcr die Zwecke, f\u00fcr die sie verarbeitet werden, erforderlich ist oder eine von Ihnen erteilte Einwilligung von Ihnen widerrufen wurde. Soweit gesetzliche Aufbewahrungsfristen zu beachten sind, z.B. handels- und steuerrechtliche, kann die Speicherdauer zu bestimmten Daten bis zu 10 Jahre betragen.<\/p>\n<p><strong>E. Ihre Betroffenenrechte<\/strong><\/p>\n<p><strong>a) Auskunft<\/strong><br \/>\nAuf Wunsch erhalten Sie jederzeit unentgeltlich Auskunft \u00fcber alle personenbezogenen Daten, die wir \u00fcber Sie gespeichert haben.<\/p>\n<p><strong>b) Berichtigung, L\u00f6schung, Einschr\u00e4nkung der Verarbeitung (Sperrung), Widerspruch<\/strong><br \/>\nSollten Sie mit der Speicherung Ihrer personenbezogenen Daten nicht mehr einverstanden oder diese unrichtig geworden sein, werden wir auf eine entsprechende Weisung hin die L\u00f6schung oder Sperrung Ihrer Daten veranlassen oder die notwendigen Korrekturen vornehmen (soweit dies nach dem geltendem Recht m\u00f6glich ist). Gleiches gilt, sofern wir Daten k\u00fcnftig nur noch einschr\u00e4nkend verarbeiten sollen.<\/p>\n<p><strong>c) Daten\u00fcbertragbarkeit<\/strong><br \/>\nWir speichern Ihre Daten in einer \u00fcbertragbaren Form, so dass die Daten auf Ihren Wunsch auch an ein anderes Unternehmen \u00fcbertragen werden k\u00f6nnen.<\/p>\n<p><strong>d) Aus\u00fcbung Ihrer Betroffenenrechte<\/strong><\/p>\n<p>Bei Fragen zur Verarbeitung Ihrer personenbezogenen Daten, bei Ausk\u00fcnften, Berichtigung, Sperrung, Widerspruch oder L\u00f6schung von Daten oder dem Wunsch der \u00dcbertragung der Daten an ein anderes Unternehmen, wenden Sie sich bitte an:<\/p>\n<p>Transportas Internationale Spedition GmbH<br \/>\nBarabein 6<br \/>\n88447 Warthausen<\/p>\n<p><a href=\"tel:+ 49 7351 587 58-0\">+ 49 (0) 7351 587 58 0<\/a><br \/>\n<a href=\"mailto:info@transportas.de\" target=\"_blank\" rel=\"noopener\">info@transportas.de<\/a><\/p>\n<p><strong>e) Beschwerderecht<br \/>\n<\/strong>Zudem besteht ein Beschwerderecht bei der zust\u00e4ndigen Aufsichtsbeh\u00f6rde (<a href=\"https:\/\/www.bfdi.bund.de\/DE\/Infothek\/Anschriften_Links\/anschriften_links-node.html\" target=\"_blank\" rel=\"noopener\">https:\/\/www.bfdi.bund.de\/DE\/Infothek\/Anschriften_Links\/anschriften_links-node.html<\/a>).<\/p>\n<p>Bitte beachten Sie:\u00a0 Daten, bei denen wir nicht in der Lage sind die betroffene Person zu identifizieren, bspw. wenn diese zu Analysezwecken anonymisiert wurden, sind nicht von den vorstehenden Rechten umfasst. Auskunft, L\u00f6schung, Sperrung, Korrektur oder \u00dcbertragung an ein anderes Unternehmen sind in Bezug auf diese Daten nur m\u00f6glich, wenn Sie uns zus\u00e4tzliche Informationen, die uns eine Identifizierung der Daten erlauben, bereitstellen.<\/p>\n<p><strong>F. Widerrufsrecht bei Einwilligungen mit Wirkung auf die Zukunft<\/strong><br \/>\nErteilte Einwilligungen k\u00f6nnen Sie mit Wirkung f\u00fcr die Zukunft jederzeit widerrufen. Daten f\u00fcr Abrechnungs- und buchhalterische Zwecke sind von einer K\u00fcndigung\/einem Widerruf bzw. von einer L\u00f6schung nicht ber\u00fchrt. Durch Ihren Widerruf wird die Rechtm\u00e4\u00dfigkeit der bisherigen Verarbeitung nicht ber\u00fchrt.<\/p>\n<ul>\n<li>Einwilligungen k\u00f6nnen Sie z.B. per E-Mail an:\u00a0<a href=\"mailto:info@transportas.de\">info@transportas.de<\/a>\u00a0widerrufen.<\/li>\n<li>Bitte beachten Sie zus\u00e4tzlich Abschnitt D. \u201eCookies\u201c und speziell b. (1) \u201eGoogle Maps\u201c dieser Datenschutzerkl\u00e4rung.<\/li>\n<\/ul>\n<p><strong>G. Sicherheit<\/strong><br \/>\nWir sch\u00fctzen die \u00dcbertragung Ihrer Daten mit einer sicheren (AES 256 Bit) TLS-Verbindung. TLS (Transport Layer Security) ist eine Sicherheitstechnologie, die gew\u00e4hrleistet, dass Ihre pers\u00f6nlichen Daten sicher \u00fcber das Internet transferiert und f\u00fcr Fremde nicht einsehbar \u00fcbertragen werden. Verschl\u00fcsselte Daten: Folgende Daten werden verschl\u00fcsselt: Pers\u00f6nliche Daten (Name, Anschrift.).[\/vc_column_text][\/vc_column][\/vc_row]\n","protected":false},"excerpt":{"rendered":"<p>[vc_row thb_divider_position=&#8220;bottom&#8220; el_class=&#8220;align-center&#8220;][vc_column offset=&#8220;vc_col-lg-10 vc_col-md-12&#8243; css=&#8220;.vc_custom_1611665565753{padding-top: 120px !important;}&#8220;][vc_column_text el_class=&#8220;links&#8220;] Privacy Policy A. Verantwortlich f\u00fcr die Datenverarbeitung Transportas Internationale Spedition GmbH Barabein 6 88447 Warthausen + 49 (0) 7351 587 58 0 info@transportas.de ist f\u00fcr die Verarbeitung personenbezogener Daten im Rahmen unseres Webauftritts gem\u00e4\u00df den Vorschriften der Datenschutzgrundverordnung (DSGVO) verantwortlich. Mit dieser Datenschutzerkl\u00e4rung m\u00f6chten wir Sie&hellip;<\/p>\n","protected":false},"author":1,"featured_media":0,"parent":0,"menu_order":0,"comment_status":"closed","ping_status":"closed","template":"","meta":{"footnotes":""},"class_list":["post-632","page","type-page","status-publish","hentry"],"_links":{"self":[{"href":"https:\/\/www.transportas.de\/index.php\/wp-json\/wp\/v2\/pages\/632","targetHints":{"allow":["GET"]}}],"collection":[{"href":"https:\/\/www.transportas.de\/index.php\/wp-json\/wp\/v2\/pages"}],"about":[{"href":"https:\/\/www.transportas.de\/index.php\/wp-json\/wp\/v2\/types\/page"}],"author":[{"embeddable":true,"href":"https:\/\/www.transportas.de\/index.php\/wp-json\/wp\/v2\/users\/1"}],"replies":[{"embeddable":true,"href":"https:\/\/www.transportas.de\/index.php\/wp-json\/wp\/v2\/comments?post=632"}],"version-history":[{"count":7,"href":"https:\/\/www.transportas.de\/index.php\/wp-json\/wp\/v2\/pages\/632\/revisions"}],"predecessor-version":[{"id":1060,"href":"https:\/\/www.transportas.de\/index.php\/wp-json\/wp\/v2\/pages\/632\/revisions\/1060"}],"wp:attachment":[{"href":"https:\/\/www.transportas.de\/index.php\/wp-json\/wp\/v2\/media?parent=632"}],"curies":[{"name":"wp","href":"https:\/\/api.w.org\/{rel}","templated":true}]}}